{"id":9929,"date":"2021-05-05T18:10:16","date_gmt":"2021-05-05T16:10:16","guid":{"rendered":"https:\/\/statcast.live\/?page_id=9929"},"modified":"2021-05-05T18:41:41","modified_gmt":"2021-05-05T16:41:41","slug":"terms-of-service","status":"publish","type":"page","link":"https:\/\/statcast.live\/en\/terms-of-service\/","title":{"rendered":"Termini di servizio"},"content":{"rendered":"<p><strong>Campo d\u2019applicazione<\/strong><\/p>\n\n\n\n<p>Le seguenti condizioni regolano l\u2019utilizzo e la fruizione dei prodotti e servizi offerti.<\/p>\n\n\n\n<p><strong>Prestazione<\/strong><\/p>\n\n\n\n<p>Statcast \u00e8 un servizio sviluppato e proposto da MEWAY SRL ( MEWAY ) che ha scelto come sua missione, di offrire a titolo oneroso servizi di sviluppo Software, Webcasting, e Hosting e per la gestione in Internet di contenuti audio video, la loro trasmissione e il loro monitoraggio. MEWAY invita il Cliente a leggere il contratto che si trova sulla pagina: https:\/\/statcast.live\/terms-of-service e di rispettare queste regole per tutte le comunicazioni in Internet.<\/p>\n\n\n\n<p><strong>Condizioni di partecipazione<\/strong><\/p>\n\n\n\n<p>Il Cliente dichiara di aver verificato la rispondenza del servizio alle proprie necessit\u00e0 e di aver ricevuto da MEWAY tutte le informazioni e le spiegazioni che gli erano necessarie per sottoscrivere il presente contratto con cognizione di causa.<\/p>\n\n\n\n<p>Le offerte si rivolgono a soggetti privati e commerciali. Persone, al di sotto dei 18 anni di et\u00e0, che sono quindi ancora minorenni, avranno bisogno dell\u2019approvazione un tutore legale. La dichiarazione di accettazione e avvenuta conferma del servizio sar\u00e0 inviata a mezzo mail assieme ai dati per l\u2019accesso all\u2019area clienti. Questo accordo \u00e8 tra MEWAY, e ogni persona fisica o giuridica, consumatore o professionista, di diritto privato o di diritto pubblico che desidera ricevere una o pi\u00f9 prestazioni fornite dalla societ\u00e0 MEWAY e in seguito denominata \u201cil Cliente\u201d. Questo accordo \u00e8 valido per tutto il periodo sottoscritto nell\u2019offerta. Se un account creato per il cliente viene utilizzato violando i termini d\u2019uso, ci riserviamo il diritto di sospendere il servizio senza alcun preavviso. L\u2019eventuale incapacit\u00e0 di far rispettare i termini di servizio, per qualunque motivo, non deve essere interpretata come una rinuncia al nostro diritto di farlo in qualsiasi momento. I servizi proposti in SaaS e le applicazioni realizzate non possono essere utilizzati per scopi illegali, o a sostegno di attivit\u00e0 illegali. MEWAY si riserva il diritto di collaborare con le autorit\u00e0 giudiziarie e\/o terzi lesi nella investigazione di ogni crimine sospetto o illecito civile. L\u2019attivazione dei nostri servizi in qualsiasi forma, prevede di aver letto, compreso ed accettato i termini e le condizioni indicate qui di seguito.<\/p>\n\n\n\n<p><strong>Aree riservate<\/strong><\/p>\n\n\n\n<p>Per alcune sezioni del Servizio, comprese le funzionalit\u00e0 di gestione dell&#8217;account, possono essere richieste credenziali di accesso ( esempio username, password, ecc). &nbsp;Tutti gli utenti registrati e autorizzati ad accedere a qualsiasi area protetta da password, si devono ritenere interamente responsabili del mantenimento della riservatezza della password e sono tenuti a notificare alla MEWAY eventuale perdita, furto, divulgazione a terzi non autorizzati delle propria password. Accettando il presente accordo, si accetta di essere interamente responsabili delle attivit\u00e0 svolte con il proprio account e di comunicare qualsiasi violazione che \u00e8 nota riguardo la sicurezza in relazione alla propria password o ai Servizi offerti.<\/p>\n\n\n\n<p><strong>Politica sulla riservatezza<\/strong><\/p>\n\n\n\n<p>Il presente documento informa che Meway raccogliere e conserva informazioni su ogni account e relativi servizi connessi attraverso gli appositi moduli. La nostra raccolta e utilizzo di queste informazioni \u00e8 regolato dalla nostra Informativa sulla privacy, disponibile su <a href=\"https:\/\/meway.it\/privacy-policy\">https:\/\/meway.it\/privacy-policy<\/a>.<\/p>\n\n\n\n<p>Meway pu\u00f2 utilizzare i dati statistici (anonimi) che raccoglie ed elabora dalle connessioni agli streaming dei clienti a propri fini, anche commerciali. L\u2019utente ha facolt\u00e0 di negare a MEWAY l&#8217;utilizzo e la diffusione dei suddetti dati negando il proprio consenso dalla sezione dedicata alla gestione dei flussi del pannello di controllo <a href=\"https:\/\/cp.statcast.live\/channels\">https:\/\/cp.statcast.live\/channels<\/a><\/p>\n\n\n\n<p><strong>Copyright e marchi<\/strong><\/p>\n\n\n\n<p>Salvo diversa indicazione, tutti i contenuti (loghi, nomi di marchi, immagini, design, fotografie, clip, contenuti testuali o qualsiasi altro contenuto) sono propriet\u00e0 intellettuale registrata (o non registrata) posseduta, controllata o concessa in licenza da MEWAY SRL. Nessuna parte proposta sul sito o nei pannelli di controllo sono da considerarsi concessione al diritto di utilizzarla anche se parzialmente.<\/p>\n\n\n\n<p><strong>Restrizioni sui contenuti<\/strong><\/p>\n\n\n\n<p>MEWAY non monitora attivamente il contenuto dei cliente o i suoi contenuti distribuiti in modalit\u00e0 Live o On Demand. Il cliente non potr\u00e0, in ogni caso, utilizzare il sistema per qualsiasi attivit\u00e0 illegale. Il cliente si impegna a non utilizzare il software o le risorse messe a disposizione per scopi diversi da quelli indicati al momento della sottoscrizione del servizio.<\/p>\n\n\n\n<p><strong>Licenze<\/strong><\/p>\n\n\n\n<p>In base ai presenti Termini, viene concessa una licenza limitata nella versione Trial, Betatester o Utente, non esclusiva e non trasferibile per utilizzare i Servizi e non per la rivendita o l&#8217;ulteriore distribuzione. Sono, altres\u00ec previste diverse forme di rivendita o distribuzione richiedendo e sottoscrivendo accordi diversi dal presente. Il diritto di utilizzare i nostri Servizi \u00e8 limitato da tutti i termini e le condizioni stabiliti nel presente documento.<\/p>\n\n\n\n<p>MEWAY non prevede alcuna forma di copertura giuridica a singoli individui o societ\u00e0 che utilizzano i servizi offerti per la distribuzione dei contenuti con qualsiasi protezione del copyright. (MEWAY non risponde in alcun modo dei diritti relativi a contratti in licenza con societ\u00e0 di gestione collettiva ( ASCAP, BMI, SESAC, RIAA, SIAE, SCF, Itsright, LEA, GEMA o CARP). In nessun caso MEWAY \u00e8 responsabile per il comportamento dei suoi clienti e\/o di utenti a loro collegati, in materia di diffusione di contenuti protetti. Tutte le licenze, diritti d&#8217;autore e le relative questioni di canoni sono di esclusiva responsabilit\u00e0 dei singoli clienti e\/o dei loro enti di produzione. In caso di abuso accertato, MEWAY si riserva il diritto di bloccare l\u2019accesso e terminare il rapporto contrattuale senza preavviso.<\/p>\n\n\n\n<p><strong>Responsabilit\u00e0<\/strong><\/p>\n\n\n\n<p>MEWAY far\u00e0 ogni sforzo per fornire un servizio ininterrotto, ma non garantisce che la connessione sar\u00e0 priva di errori o senza interruzioni. I sistemi di MEWAY se non esplicitamente indicato, non prevede backup dei dati o ridondanza dei servizio. Tale opzione potr\u00e0 essere richiesta a fronte di un costo aggiuntivo. MEWAY non si assume responsabilit\u00e0 di eventuali dati memorizzati dai clienti ed eventuali perdite, danni o corruzione di file ospitati sui propri server. NELLA MISURA CONSENTITA DALLA LEGGE APPLICABILE, IN OGNI CASO MEWAY SRL O I SUOI RISPETTIVI FORNITORI NON POTRANNO ESSERE RITENUTI RESPONSABILI PER DANNI, COMPRESI, SENZA LIMITAZIONI, LA PERDITA DI PROFITTI, PERDITA DI AFFARI, PERDITA DI USO O DI DATI, INTERRUZIONE DI AFFARI, O PER DANNI DIRETTI, INDIRETTI, SPECIALI, INCIDENTALI O CONSEQUENZIALI DI QUALSIASI TIPO.<\/p>\n\n\n\n<p><strong>Privacy<\/strong><\/p>\n\n\n\n<p>MEWAY informa il cliente che i suoi dati sono registrati e fanno oggetto di trattamento ai sensi del D.Lgs. 196\/2003. gestione della relazione con il Cliente. Di conseguenza, il Cliente dispone di un diritto di accesso, di modifica, di correzione e di cancellazione dei suoi dati raccolti ai sensi dell\u2019art 7 del predetto D. Lgs. 196\/, contattando semplicemente MEWAY all&#8217;indirizzo: MEWAY Sede legale: via Duccio di Buoninsegna, 47 \u2013 00142 &#8211; Roma P.IVA e C.F.: 10504501007 Capitale sociale:\u20ac 10.000 i .v. Iscritta al Reg. Imprese di Roma n. 10504501007 MEWAY non rilascer\u00e0 informazioni personali sui propri clienti, a meno che non ne sia espressamente concessa l\u2019autorizzazione. Alcune informazioni possono essere rese pubbliche, sul nostro sito per fini promozionali a meno di espressa indicazione del cliente.<\/p>\n\n\n\n<p><strong>Tariffe e Pagamenti<\/strong><\/p>\n\n\n\n<p>Le tariffe in vigore per le diverse prestazioni proposte dalla MEWAY sono disponibili a richiesta presso la MEWAY al seguente indirizzo mail : <a href=\"mailto:sales@meway.it\">sales@meway.it<\/a> MEWAY si riserva la facolt\u00e0 di modificare i suoi prezzi in qualsiasi momento, a condizione di informare il Cliente per posta elettronica o con un avviso on line sul sito <a href=\"https:\/\/statcast.live\/en\/\">http:\/\/www.statcast.live<\/a> o altri siti collegati, con un mese di anticipo se le nuove tariffe al netto delle imposte sono meno favorevoli per il Cliente. In questo caso, il Cliente avr\u00e0 a disposizione un mese di tempo a partire da detta informativa per recedere dal presente contratto senza penale alcuna. In mancanza di comunicazione di recesso si considerer\u00e0 che il Cliente abbia accettato le nuove tariffe. Le modifiche delle tariffe saranno applicabili a tutti i contratti ed in particolare a quelli in corso di esecuzione. MEWAY si riserva il diritto di addebitare, immediatamente, tutte le nuove tasse o qualunque importo derivante dall\u2019incremento di qualunque imposta. Il pagamento per i servizi sar\u00e0 effettuato prima che il conto sia creato. Il contratto minimo \u00e8 di un mese. Il pagamento per i mesi successivi verr\u00e0 addebitato ogni 30 (trenta) giorni, a partire dal giorno del mese che il cliente ha sottoscritto per i nostri servizi, a meno di accordi particolari sottoscritti con MEWAY srl. Il mancato pagamento di servizi forniti in abbonamento possono comportare la sospensione del servizio. La fatturazione sar\u00e0 inviata direttamente al sistema di interscambio e in copia a mezzo mail alla casella fornita dal cliente. MEWAY adotta come metodo di pagamento Bonifici Bancari e transazioni on line tramite il sistema Paypal. Pertanto non dispone in alcun modo dei dati sensibili delle transazioni e non risponde di eventuali abusi riconducibili a pagamenti effettuati.<\/p>\n\n\n\n<p><strong>Politica di rimborso<\/strong><\/p>\n\n\n\n<p>La messa a disposizione di servizi in modalit\u00e0 Saas avviene in un tempo massimo di 7 giorni dopo il pagamento effettivo del buono d\u2019ordine da parte del Cliente. Trascorsi 7 giorni e a difetto di messa a disposizione del servizio di MEWAY, il Cliente ha il diritto di richiedere l\u2019annullamento e il rimborso delle somme gi\u00e0 pagate. I rimborsi sono disponibili solo per 24 ore dopo che \u00e8 stato effettuato ogni pagamento da un nuovo cliente che richiede il servizio, purch\u00e9 non siano stati utilizzati. Eventuali rimborsi riconosciuti saranno al netto dei setup (anche se offerti in promo a costo pari a 0 euro). Una volta che servizio \u00e8 stato istituito, il pagamento non sar\u00e0 rimborsato per alcun motivo. Tuttavia, nel caso si verificasse un degrado nella qualit\u00e0 del servizio e\/o interruzione grave, MEWAY si riserva il diritto di offrire al cliente un rimborso parziale o totale sotto forma di credito sul conto del cliente. MEWAY non sosterr\u00e0 alcuna forma di rimborso se sono stati violati i termini del servizio in qualsiasi modo, compreso nel caso di servizi streaming non compatibili, il superamento di limiti concordati o l\u2019uso di contenuti non consentiti.<\/p>\n\n\n\n<p><strong>Cancellazione<\/strong><\/p>\n\n\n\n<p>Richieste di annullamento degli account possono essere effettuate direttamente dal cliente che dovr\u00e0 avere a diposizione tutte le informazioni fornite al fine di cancellare l&#8217;account. Annullamento di un abbonamento si pu\u00f2 completare direttamente tramite PayPal con conseguente chiusura immediata del servizio, o tramite comunicazione a mezzo mail o raccomandata nel caso di metodi diversi di pagamento.<\/p>\n\n\n\n<p><strong>Emendamenti<\/strong><\/p>\n\n\n\n<p>MEWAY si riserva il diritto di rivedere o modificare queste regole, i termini di servizio e le nostre altre politiche e accordi in qualsiasi momento e in qualsiasi modo. E&#8217; la responsabilit\u00e0 del Cliente controllare periodicamente questo documento relativamente a tali cambiamenti in conformit\u00e0 con i nostri termini di servizio. Questi termini di servizio sono in vigore dal 01 maggio 2021<\/p>\n\n\n\n<p><strong>Foro competente<\/strong><\/p>\n\n\n\n<p>Il foro giudiziario di competenza esclusivo per tutte le vertenze relative a questo contratto \u00e8 situato a Roma, per tutti i rapporti giudiziari valgono le leggi della rep. italiana sotto preclusione delle norme in conformit\u00e0 alla convenzione delle Nazioni Unite sui contratti di compravendita.<\/p>","protected":false},"excerpt":{"rendered":"<p>Campo d\u2019applicazione Le seguenti condizioni regolano l\u2019utilizzo e la fruizione dei prodotti e servizi offerti. Prestazione Statcast \u00e8 un servizio sviluppato e proposto da MEWAY SRL ( MEWAY ) che ha scelto come sua missione, di offrire a titolo oneroso servizi di sviluppo Software, Webcasting, e Hosting e per la gestione in Internet di contenuti [&hellip;]<\/p>","protected":false},"author":1,"featured_media":0,"parent":0,"menu_order":0,"comment_status":"closed","ping_status":"closed","template":"","meta":{"_themeisle_gutenberg_block_has_review":false,"footnotes":""},"class_list":["post-9929","page","type-page","status-publish","hentry"],"yoast_head":"<!-- This site is optimized with the Yoast SEO plugin v20.13 - https:\/\/yoast.com\/wordpress\/plugins\/seo\/ -->\n<title>Termini di servizio - Statcast<\/title>\n<meta name=\"robots\" content=\"index, follow, max-snippet:-1, max-image-preview:large, max-video-preview:-1\" \/>\n<link rel=\"canonical\" href=\"https:\/\/statcast.live\/en\/terms-of-service\/\" \/>\n<meta property=\"og:locale\" content=\"en_GB\" \/>\n<meta property=\"og:type\" content=\"article\" \/>\n<meta property=\"og:title\" content=\"Termini di servizio - Statcast\" \/>\n<meta property=\"og:description\" content=\"Campo d\u2019applicazione Le seguenti condizioni regolano l\u2019utilizzo e la fruizione dei prodotti e servizi offerti. Prestazione Statcast \u00e8 un servizio sviluppato e proposto da MEWAY SRL ( MEWAY ) che ha scelto come sua missione, di offrire a titolo oneroso servizi di sviluppo Software, Webcasting, e Hosting e per la gestione in Internet di contenuti [&hellip;]\" \/>\n<meta property=\"og:url\" content=\"https:\/\/statcast.live\/en\/terms-of-service\/\" \/>\n<meta property=\"og:site_name\" content=\"Statcast\" \/>\n<meta property=\"article:modified_time\" content=\"2021-05-05T16:41:41+00:00\" \/>\n<meta name=\"twitter:card\" content=\"summary_large_image\" \/>\n<meta name=\"twitter:label1\" content=\"Estimated reading time\" \/>\n\t<meta name=\"twitter:data1\" content=\"9 minutes\" \/>\n<script type=\"application\/ld+json\" class=\"yoast-schema-graph\">{\"@context\":\"https:\/\/schema.org\",\"@graph\":[{\"@type\":\"WebPage\",\"@id\":\"https:\/\/statcast.live\/en\/terms-of-service\/\",\"url\":\"https:\/\/statcast.live\/en\/terms-of-service\/\",\"name\":\"Termini di servizio - Statcast\",\"isPartOf\":{\"@id\":\"https:\/\/statcast.live\/#website\"},\"datePublished\":\"2021-05-05T16:10:16+00:00\",\"dateModified\":\"2021-05-05T16:41:41+00:00\",\"breadcrumb\":{\"@id\":\"https:\/\/statcast.live\/en\/terms-of-service\/#breadcrumb\"},\"inLanguage\":\"en-GB\",\"potentialAction\":[{\"@type\":\"ReadAction\",\"target\":[\"https:\/\/statcast.live\/en\/terms-of-service\/\"]}]},{\"@type\":\"BreadcrumbList\",\"@id\":\"https:\/\/statcast.live\/en\/terms-of-service\/#breadcrumb\",\"itemListElement\":[{\"@type\":\"ListItem\",\"position\":1,\"name\":\"Home\",\"item\":\"https:\/\/statcast.live\/\"},{\"@type\":\"ListItem\",\"position\":2,\"name\":\"Termini di servizio\"}]},{\"@type\":\"WebSite\",\"@id\":\"https:\/\/statcast.live\/#website\",\"url\":\"https:\/\/statcast.live\/\",\"name\":\"Statcast\",\"description\":\"Statistiche avanzate per lo streaming\",\"potentialAction\":[{\"@type\":\"SearchAction\",\"target\":{\"@type\":\"EntryPoint\",\"urlTemplate\":\"https:\/\/statcast.live\/?s={search_term_string}\"},\"query-input\":\"required name=search_term_string\"}],\"inLanguage\":\"en-GB\"}]}<\/script>\n<!-- \/ Yoast SEO plugin. -->","yoast_head_json":{"title":"Termini di servizio - Statcast","robots":{"index":"index","follow":"follow","max-snippet":"max-snippet:-1","max-image-preview":"max-image-preview:large","max-video-preview":"max-video-preview:-1"},"canonical":"https:\/\/statcast.live\/en\/terms-of-service\/","og_locale":"en_GB","og_type":"article","og_title":"Termini di servizio - Statcast","og_description":"Campo d\u2019applicazione Le seguenti condizioni regolano l\u2019utilizzo e la fruizione dei prodotti e servizi offerti. Prestazione Statcast \u00e8 un servizio sviluppato e proposto da MEWAY SRL ( MEWAY ) che ha scelto come sua missione, di offrire a titolo oneroso servizi di sviluppo Software, Webcasting, e Hosting e per la gestione in Internet di contenuti [&hellip;]","og_url":"https:\/\/statcast.live\/en\/terms-of-service\/","og_site_name":"Statcast","article_modified_time":"2021-05-05T16:41:41+00:00","twitter_card":"summary_large_image","twitter_misc":{"Estimated reading time":"9 minutes"},"schema":{"@context":"https:\/\/schema.org","@graph":[{"@type":"WebPage","@id":"https:\/\/statcast.live\/en\/terms-of-service\/","url":"https:\/\/statcast.live\/en\/terms-of-service\/","name":"Termini di servizio - Statcast","isPartOf":{"@id":"https:\/\/statcast.live\/#website"},"datePublished":"2021-05-05T16:10:16+00:00","dateModified":"2021-05-05T16:41:41+00:00","breadcrumb":{"@id":"https:\/\/statcast.live\/en\/terms-of-service\/#breadcrumb"},"inLanguage":"en-GB","potentialAction":[{"@type":"ReadAction","target":["https:\/\/statcast.live\/en\/terms-of-service\/"]}]},{"@type":"BreadcrumbList","@id":"https:\/\/statcast.live\/en\/terms-of-service\/#breadcrumb","itemListElement":[{"@type":"ListItem","position":1,"name":"Home","item":"https:\/\/statcast.live\/"},{"@type":"ListItem","position":2,"name":"Termini di servizio"}]},{"@type":"WebSite","@id":"https:\/\/statcast.live\/#website","url":"https:\/\/statcast.live\/","name":"Statcast","description":"Statistiche avanzate per lo streaming","potentialAction":[{"@type":"SearchAction","target":{"@type":"EntryPoint","urlTemplate":"https:\/\/statcast.live\/?s={search_term_string}"},"query-input":"required name=search_term_string"}],"inLanguage":"en-GB"}]}},"_links":{"self":[{"href":"https:\/\/statcast.live\/en\/wp-json\/wp\/v2\/pages\/9929","targetHints":{"allow":["GET"]}}],"collection":[{"href":"https:\/\/statcast.live\/en\/wp-json\/wp\/v2\/pages"}],"about":[{"href":"https:\/\/statcast.live\/en\/wp-json\/wp\/v2\/types\/page"}],"author":[{"embeddable":true,"href":"https:\/\/statcast.live\/en\/wp-json\/wp\/v2\/users\/1"}],"replies":[{"embeddable":true,"href":"https:\/\/statcast.live\/en\/wp-json\/wp\/v2\/comments?post=9929"}],"version-history":[{"count":5,"href":"https:\/\/statcast.live\/en\/wp-json\/wp\/v2\/pages\/9929\/revisions"}],"predecessor-version":[{"id":9939,"href":"https:\/\/statcast.live\/en\/wp-json\/wp\/v2\/pages\/9929\/revisions\/9939"}],"wp:attachment":[{"href":"https:\/\/statcast.live\/en\/wp-json\/wp\/v2\/media?parent=9929"}],"curies":[{"name":"wp","href":"https:\/\/api.w.org\/{rel}","templated":true}]}}