{"id":9897,"date":"2021-05-04T16:04:45","date_gmt":"2021-05-04T14:04:45","guid":{"rendered":"https:\/\/statcast.live\/?page_id=9897"},"modified":"2021-05-05T09:39:14","modified_gmt":"2021-05-05T07:39:14","slug":"cookies","status":"publish","type":"page","link":"https:\/\/statcast.live\/en\/cookies\/","title":{"rendered":"Cookies"},"content":{"rendered":"<h5 class=\"wp-block-heading\">Informativa relativa ai Cookie presenti sul sito web<\/h5>\n\n\n\n<p>Utilizziamo i cookie per rendere il nostro sito pi\u00f9 facile ed intuitivo. I dati raccolti grazie ai cookie servono per rendere l&#8217;esperienza di navigazione pi\u00f9 piacevole e pi\u00f9 efficiente in futuro.<\/p>\n\n\n\n<h6 class=\"wp-block-heading\">Cosa sono i cookie?<\/h6>\n\n\n\n<p>I cookie sono piccoli file di testo inviati dal sito al terminale dell\u2019interessato (solitamente al browser), dove vengono memorizzati per essere poi ritrasmessi al sito alla successiva visita del medesimo utente. Un cookie non pu\u00f2 richiamare nessun altro dato dal disco fisso dell\u2019utente n\u00e9 trasmettere virus informatici o acquisire indirizzi email. Ogni cookie \u00e8 unico per il web browser dell\u2019utente. Alcune delle funzioni dei cookie possono essere demandate ad altre tecnologie. Nel presente documento con il termine \u2018cookie\u2019 si vuol far riferimento sia ai cookie, propriamente detti, sia a tutte le tecnologie similari.<\/p>\n\n\n\n<h6 class=\"wp-block-heading\">Tipologia dei cookie<\/h6>\n\n\n\n<p>I cookie possono essere di prima o di terza parte, dove per &#8220;prima parte&#8221; si intendono i cookie che riportano come dominio il sito, mentre per &#8220;terza parte&#8221; si intendono i cookie che sono relativi a domini esterni.<\/p>\n\n\n\n<p>I cookie di terza parte sono necessariamente installati da un soggetto esterno, sempre definito come &#8220;terza parte&#8221;, non gestito dal sito. Tali soggetti possono eventualmente installare anche cookie di prima parte, salvando sul dominio del sito i propri cookie.<\/p>\n\n\n\n<p>Un altro tipo di cookie sono i cosiddetti &#8220;Flash Cookie&#8221; (Local Shared Objects), utilizzati all&#8217;interno di Adobe Flash Player per erogare alcuni contenuti, come video clip o animazioni, in modo da ricordare le impostazioni e preferenze. I Flash cookie sono archiviati sul dispositivo, ma sono gestiti attraverso un\u2019interfaccia differente rispetto a quella fornita dal browser utilizzato.<\/p>\n\n\n\n<h6 class=\"wp-block-heading\">Natura dei cookie<\/h6>\n\n\n\n<p>Relativamente alla natura dei cookie, ne esistono di diversi tipi:<\/p>\n\n\n\n<h5 class=\"wp-block-heading\"><strong>Cookie tecnici<\/strong><\/h5>\n\n\n\n<p>I cookie tecnici sono quelli utilizzati al solo fine di &#8220;effettuare la trasmissione di una comunicazione su una rete di comunicazione elettronica, o nella misura strettamente necessaria al fornitore di un servizio della societ\u00e0 dell&#8217;informazione esplicitamente richiesto dall&#8217;abbonato o dall&#8217;utente a erogare tale servizio&#8221; (cfr. art. 122, comma 1, del Codice).<\/p>\n\n\n\n<p>Essi non vengono utilizzati per scopi ulteriori e sono normalmente installati direttamente dal titolare o gestore del sito web. Possono essere suddivisi in:<\/p>\n\n\n\n<ul class=\"wp-block-list\"><li>Cookie di navigazione o di sessione, che garantiscono la normale navigazione e fruizione del sito web (permettendo, ad esempio, di realizzare un acquisto o autenticarsi per accedere ad aree riservate); essi sono di fatto necessari per il corretto funzionamento del sito;<\/li><li>Cookie analytics, assimilati ai cookie tecnici laddove utilizzati direttamente dal gestore del sito per raccogliere informazioni, in forma aggregata, sul numero degli utenti e su come questi visitano il sito stesso, al fine di migliorare le performance del sito;<\/li><li>Cookie di funzionalit\u00e0, che permettono all&#8217;utente la navigazione in funzione di una serie di criteri selezionati (ad esempio, la lingua, i prodotti selezionati per l&#8217;acquisto) al fine di migliorare il servizio reso allo stesso. Per l&#8217;installazione di tali cookie non \u00e8 richiesto il preventivo consenso degli utenti (pi\u00f9 informazioni nel paragrafo Gestione dei cookie in basso).<\/li><\/ul>\n\n\n\n<h5 class=\"wp-block-heading\"><strong>Cookie di profilazione<\/strong><\/h5>\n\n\n\n<p>I cookie di profilazione sono volti a creare profili relativi all&#8217;utente e vengono utilizzati al fine di inviare messaggi pubblicitari in linea con le preferenze manifestate dallo stesso nell&#8217;ambito della navigazione in rete.<\/p>\n\n\n\n<p>Per l&#8217;utilizzo dei cookie di profilazione \u00e8 richiesto il consenso dell&#8217;interessato. Secondo il provvedimento (pi\u00f9 informazioni nel paragrafo Gestione dei cookie in basso) l\u2019utente pu\u00f2 autorizzare o negare il consenso all&#8217;installazione dei cookie attraverso le opzioni fornite nella sezione &#8220;Gestione dei cookie&#8221;.<\/p>\n\n\n\n<p>In caso di cookie di terze parti, il sito non ha un controllo diretto dei singoli cookie e non pu\u00f2 controllarli (non pu\u00f2 n\u00e9 installarli direttamente n\u00e9 cancellarli). Puoi comunque gestire questi cookie attraverso le impostazioni del browser (segui le istruzioni riportate pi\u00f9 avanti), o i siti indicati nella sezione &#8220;Gestione dei cookie&#8221;.<\/p>\n\n\n\n<p>L\u2019Utente \u00e8 pertanto invitato a verificare sul sito della terza parte indicato nella tabella riportata di seguito.<\/p>\n\n\n\n<h6 class=\"wp-block-heading\">Cookie installati su questo sito<\/h6>\n\n\n\n<p>Ecco l&#8217;elenco dei cookie (raggruppati logicamente a livello di funzionalit\u00e0 o fornitore) presenti su questo sito. I cookie di terze parti presentano il collegamento all&#8217;informativa della privacy del relativo fornitore esterno, dove \u00e8 possibile trovare una dettagliata descrizione dei singoli cookie e del trattamento che ne viene fatto.<\/p>\n\n\n\n<h6 class=\"wp-block-heading\">Elenco dei cookie&nbsp;di sistema presenti sul sito<\/h6>\n\n\n\n<p>Il sito di Meway utilizza cookie per garantire all&#8217;utente una migliore esperienza di navigazione; tali cookie sono indispensabili per la fruizione corretta del sito. Puoi disabilitare questi cookie dal browser seguendo le indicazioni nel paragrafo dedicato, ma comprometterai la tua esperienza sul sito e non potremo rispondere dei malfunzionamenti.<\/p>\n\n\n\n<h5 class=\"wp-block-heading\"><strong>Google Analytics<\/strong><\/h5>\n\n\n\n<p>Si tratta di cookie di monitoraggio per la generazione di statistiche sull&#8217;utilizzo del sito. Google Analytics utilizza cookie che non memorizzano dati personali e che vengono depositati sul computer dell&#8217;utente per consentire al gestore del sito web di analizzare come gli utenti utilizzano il sito stesso. Per impedire la memorizzazione dei predetti cookie l&#8217;utente potr\u00e0 seguire la procedura reperibile al seguente link:&nbsp;<a rel=\"noreferrer noopener\" href=\"https:\/\/policies.google.com\/technologies\/cookies?hl=it\" target=\"_blank\">https:\/\/policies.google.com\/technologies\/cookies?hl=it<\/a>.<\/p>\n\n\n\n<h5 class=\"wp-block-heading\"><strong>Adobe Analytics<\/strong><\/h5>\n\n\n\n<p>Si tratta di cookie di monitoraggio per la generazione di statistiche sull&#8217;utilizzo del sito. Adobe Analytics utilizza cookie che non memorizzano dati personali e che vengono depositati sul computer dell&#8217;utente per consentire al gestore del sito web di analizzare come gli utenti utilizzano il sito stesso. Per impedire la memorizzazione dei predetti cookie l&#8217;utente potr\u00e0 seguire la procedura reperibile al seguente link:&nbsp;<a rel=\"noreferrer noopener\" href=\"https:\/\/www.adobe.com\/privacy.html\" target=\"_blank\">http:\/\/www.adobe.com\/privacy.html<\/a>.<\/p>\n\n\n\n<h5 class=\"wp-block-heading\">Facebook<\/h5>\n\n\n\n<p>Facebook utilizza cookie per offrire all&#8217;utente funzionalit\u00e0 di condivisione e di \u201clike\u201d sulla propria bacheca. Per maggiori informazioni, consultare la pagina&nbsp;<a rel=\"noreferrer noopener\" href=\"https:\/\/www.facebook.com\/about\/privacy\" target=\"_blank\">https:\/\/www.facebook.com\/about\/privacy<\/a>.<\/p>\n\n\n\n<h5 class=\"wp-block-heading\">Durata dei cookie<\/h5>\n\n\n\n<p>I cookie hanno una durata dettata dalla data di scadenza (o da un&#8217;azione specifica come la chiusura del browser) impostata al momento dell&#8217;installazione.<br>I cookie possono essere:<br>\u2022 Temporanei o di sessione (session cookie): sono utilizzati per archiviare informazioni temporanee, consentono di collegare le azioni eseguite durante una sessione specifica e vengono rimossi dal computer alla chiusura del browser;<br>\u2022 Permanenti (persistent cookie): sono utilizzati per archiviare informazioni, ad esempio il nome e la password di accesso, in modo da evitare che l&#8217;utente debba digitarli nuovamente ogni volta che visita un sito specifico. Questi rimangono memorizzati nel computer anche dopo aver chiuso il browser.<\/p>\n\n\n\n<h5 class=\"wp-block-heading\">Gestioni dei cookie<\/h5>\n\n\n\n<p>In rispetto alle direttive del Codice in materia di protezione dei dati personali (d.lg. 30 giugno 2003, n. 196, di seguito &#8220;Codice&#8221;) e, in particolare, agli artt. 13, comma 3 e 122, comma 1 e in riferimento al provvedimento di Individuazione delle modalit\u00e0 semplificate per l&#8217;informativa e l&#8217;acquisizione del consenso per l&#8217;uso dei cookie &#8211; 8 maggio 2014 (Pubblicato sulla Gazzetta Ufficiale n. 126 del 3 giugno 2014), puoi modificare in qualsiasi momento il consenso ai cookie cancellando tutti i cookie dal tuo browser relativi a questo sito web.<\/p>\n\n\n\n<p>Meway terr\u00e0 opportuna traccia del\/dei consenso\/i dell\u2019Utente attraverso un apposito cookie tecnico, considerato dal Garante Privacy uno strumento \u201cnon particolarmente invasivo\u201d. L\u2019Utente pu\u00f2 negare il suo consenso e\/o modificare in ogni momento le proprie opzioni relative all\u2019uso dei cookie da parte del presente Sito Web, tramite accesso alla presente Informativa Privacy che \u00e8 \u201clinkabile\u201d da ogni pagina del presente Sito.<\/p>\n\n\n\n<p>L\u2019Utente ha la facolt\u00e0 in qualsiasi momento di esercitare i diritti riconosciuti dall&#8217;art. 7 del D.Lgs. 196\/2003 e dal Regolamento Europeo n.2016\/679 ed, in particolare, tra gli altri, di ottenere copia dei dati trattati, il loro aggiornamento, la loro origine, la finalit\u00e0 e la modalit\u00e0 del trattamento, la loro rettifica o integrazione, la loro cancellazione, la trasformazione in forma anonima o il blocco per i trattamenti in violazione di legge e di opporsi per motivi legittimi al trattamento.<\/p>\n\n\n\n<p>Per esercitare tali diritti, scrivere a Schoolly srls all&#8217;attenzione del Responsabile per la protezione dei dati, domiciliato per la carica presso la sede legale di Schoolly srls, contattaci all\u2019indirizzo PEC schoolly@pec.it.<\/p>\n\n\n\n<p>Se \u00e8 gi\u00e0 stato dato il consenso ma si vogliono cambiare le autorizzazioni dei cookie, bisogna cancellarli attraverso il browser, come indicato sotto, perch\u00e9 altrimenti quelli gi\u00e0 installati non verranno rimossi. In particolare, si tenga presente che non \u00e8 possibile in alcun modo controllare i cookie di terze parti, quindi se \u00e8 gi\u00e0 stato dato precedentemente il consenso, \u00e8 necessario procedere alla cancellazione dei cookie attraverso il browser (sezione dedicata) oppure chiedendo l&#8217;opt-out direttamente alle terze parti o tramite il sito&nbsp;<a rel=\"noreferrer noopener\" href=\"http:\/\/www.youronlinechoices.com\/it\/le-tue-scelte\" target=\"_blank\">http:\/\/www.youronlinechoices.com\/it\/le-tue-scelte<\/a>.<\/p>\n\n\n\n<p>Se vuoi saperne di pi\u00f9, puoi consultare i seguenti siti:<\/p>\n\n\n\n<ul class=\"wp-block-list\"><li><a href=\"http:\/\/www.youronlinechoices.com\/\" target=\"_blank\" rel=\"noreferrer noopener\">http:\/\/www.youronlinechoices.com\/<\/a><\/li><li><a href=\"http:\/\/www.allaboutcookies.org\/\" target=\"_blank\" rel=\"noreferrer noopener\">http:\/\/www.allaboutcookies.org\/<\/a><\/li><li><a href=\"https:\/\/www.cookiechoices.org\/\" target=\"_blank\" rel=\"noreferrer noopener\">https:\/\/www.cookiechoices.org\/<\/a><\/li><li><a href=\"https:\/\/www.garanteprivacy.it\/web\/guest\/home\/docweb\/-\/docweb-display\/docweb\/3118884\" target=\"_blank\" rel=\"noreferrer noopener\">http:\/\/www.garanteprivacy.it\/web\/guest\/home\/docweb\/-\/docweb- display\/docweb\/3118884<\/a><\/li><\/ul>\n\n\n\n<h5 class=\"wp-block-heading\">Come disabilitare\/cancellare i cookie mediante configurazione del browser<\/h5>\n\n\n\n<p><strong>Chrome<\/strong><br><strong>1.<\/strong>&nbsp;Eseguire il Browser Chrome;<br><strong>2.<\/strong>&nbsp;Fare click sul men\u00f9 presente nella barra degli strumenti del browser a fianco della finestra di inserimento url per la navigazione;<br><strong>3.<\/strong>&nbsp;Selezionare&nbsp;<strong>Impostazioni;<\/strong><br><strong>4.<\/strong>&nbsp;Fare clic su&nbsp;<strong>Mostra Impostazioni Avanzate;<\/strong><br><strong>5.<\/strong>&nbsp;Nella sezione \u201cPrivacy\u201d fare clic su bottone&nbsp;<strong>\u201cImpostazioni contenuti\u201c;<\/strong><br><strong>6.<\/strong>&nbsp;Nella sezione \u201cCookie\u201d \u00e8 possibile modificare le seguenti impostazioni relative ai cookie:<\/p>\n\n\n\n<ul class=\"wp-block-list\"><li>Consentire il salvataggio dei dati in locale.<\/li><li>Modificare i dati locali solo fino alla chiusura del browser.<\/li><li>Impedire ai siti di impostare i cookie.<\/li><li>Bloccare i cookie di terze parti e i dati dei siti.<\/li><li>Gestire le eccezioni per alcuni siti internet.<\/li><li>Eliminare uno o tutti i cookie.<\/li><\/ul>\n\n\n\n<p><strong>Mozilla Firefox<\/strong><br><strong>1.<\/strong>&nbsp;Eseguire il Browser Mozilla Firefox;<br><strong>2.<\/strong>&nbsp;Fare click sul men\u00f9 presente nella barra degli strumenti del browser a fianco della finestra di inserimento url per la navigazione;<br><strong>3.<\/strong>&nbsp;Selezionare&nbsp;<strong>Opzioni;<\/strong><br><strong>4.<\/strong>&nbsp;Selezionare il pannello&nbsp;<strong>Privacy;<\/strong><br><strong>5.<\/strong>&nbsp;Fare clic su&nbsp;<strong>Mostra Impostazioni Avanzate;<\/strong><br><strong>6.<\/strong>&nbsp;Nella sezione \u201cPrivacy\u201d fare clic su bottone&nbsp;<strong>\u201cImpostazioni contenuti\u201c;<\/strong><br><strong>7.<\/strong>&nbsp;Nella sezione&nbsp;<strong>\u201cTracciamento\u201d<\/strong>&nbsp;\u00e8 possibile modificare le seguenti impostazioni relative ai cookie:<br>\u2022 Richiedi ai siti di non effettuare alcun tracciamento;<br>\u2022 Comunica ai siti la disponibilit\u00e0 ad essere tracciato;<br>\u2022 Non comunicare alcuna preferenza relativa al tracciamento dei dati personali.<br><strong>8.<\/strong>&nbsp;Dalla sezione \u201cCronologia\u201d \u00e8 possibile:<\/p>\n\n\n\n<ul class=\"wp-block-list\"><li>Abilitando \u201cUtilizza impostazioni personalizzate\u201d selezionare di accettare i cookie di terze parti (sempre, dai siti pi\u00f9 visitato o mai) e di conservarli per un periodo determinato (fino alla loro scadenza, alla chiusura di Firefox o di chiedere ogni volta).<\/li><li>Rimuovere i singoli cookie immagazzinati.<\/li><\/ul>\n\n\n\n<p><strong>Internet Explorer<\/strong><br><strong>1.<\/strong>&nbsp;Eseguire il Browser Internet Explorer;<br><strong>2.<\/strong>&nbsp;Fare click sul pulsante&nbsp;<strong>Strumenti<\/strong>&nbsp;e scegliere&nbsp;<strong>Opzioni Internet;<\/strong><br><strong>3.<\/strong>&nbsp;Fare click sulla scheda&nbsp;<strong>Privacy<\/strong>&nbsp;e, nella sezione&nbsp;<strong>Impostazioni<\/strong>, modificare il dispositivo di scorrimento in funzione dell\u2019azione desiderata per i cookie:<\/p>\n\n\n\n<ul class=\"wp-block-list\"><li>Bloccare tutti i cookie.<\/li><li>Consentire tutti i cookie.<\/li><li>Selezionare i siti da cui ottenere cookie: spostare il cursore in una posizione intermedia in modo da non bloccare o consentire tutti i cookie, premere quindi su Siti, nella casella Indirizzo Sito Web inserire un sito internet e quindi premere su Blocca o Consenti.<\/li><\/ul>\n\n\n\n<p><strong>Safari 6<\/strong><br><strong>1.<\/strong>&nbsp;Eseguire il Browser Safari;<br><strong>2.<\/strong>&nbsp;Fare click su&nbsp;<strong>Safari<\/strong>, selezionare&nbsp;<strong>Preferenze<\/strong>&nbsp;e premere su&nbsp;<strong>Privacy;<\/strong><br><strong>3.<\/strong>&nbsp;Nella sezione Blocca Cookie specificare come Safari deve accettare i cookie dai siti internet<strong>;<\/strong><br><strong>4.<\/strong>&nbsp;Per visionare quali siti hanno immagazzinato i cookie cliccare su&nbsp;<strong>Dettagli.<\/strong><\/p>\n\n\n\n<p><strong>Safari iOS (dispositivi mobile)<\/strong><br><strong>1.<\/strong>&nbsp;Eseguire il Browser Safari iOS;<br><strong>2.<\/strong>&nbsp;Tocca su&nbsp;<strong>Impostazioni<\/strong>&nbsp;e poi&nbsp;<strong>Safari<\/strong>;<br><strong>3.<\/strong>&nbsp;Tocca su&nbsp;<strong>Blocca Cookie<\/strong>&nbsp;e scegli tra le varie opzioni: \u201cMai\u201d, \u201cDi terze parti e inserzionisti\u201d o \u201cSempre\u201d;<br><strong>4.<\/strong>&nbsp;Per cancellare tutti i cookie immagazzinati da Safari, tocca su&nbsp;<strong>Impostazioni<\/strong>, poi su&nbsp;<strong>Safari<\/strong>&nbsp;e infine su&nbsp;<strong>Cancella Cookie e dati.<\/strong><\/p>\n\n\n\n<p><strong>Opera<\/strong><br><strong>1.<\/strong>&nbsp;Eseguire il Browser Opera;<br><strong>2.<\/strong>&nbsp;Fare click sul Preferenze poi su Avanzate e infine su Cookie;<br><strong>3.<\/strong>&nbsp;Selezionare una delle seguenti opzioni:<\/p>\n\n\n\n<ul class=\"wp-block-list\"><li>Accetta tutti i cookie.<\/li><li>Accetta i cookie solo dal sito che si visita: i cookie di terze parti e quelli che vengono inviati da un dominio diverso da quello che si sta visitando verranno rifiutati.<\/li><li>Non accettare mai i cookie: tutti i cookie non verranno mai salvati.<\/li><\/ul>\n\n\n\n<p><br><\/p>\n\n\n\n<p> <\/p>","protected":false},"excerpt":{"rendered":"<p>Informativa relativa ai Cookie presenti sul sito web Utilizziamo i cookie per rendere il nostro sito pi\u00f9 facile ed intuitivo. I dati raccolti grazie ai cookie servono per rendere l&#8217;esperienza di navigazione pi\u00f9 piacevole e pi\u00f9 efficiente in futuro. Cosa sono i cookie? I cookie sono piccoli file di testo inviati dal sito al terminale [&hellip;]<\/p>","protected":false},"author":1,"featured_media":0,"parent":0,"menu_order":0,"comment_status":"closed","ping_status":"open","template":"","meta":{"_themeisle_gutenberg_block_has_review":false,"footnotes":""},"class_list":["post-9897","page","type-page","status-publish","hentry"],"yoast_head":"<!-- This site is optimized with the Yoast SEO plugin v20.13 - https:\/\/yoast.com\/wordpress\/plugins\/seo\/ -->\n<title>Cookies - Statcast<\/title>\n<meta name=\"robots\" content=\"index, follow, max-snippet:-1, max-image-preview:large, max-video-preview:-1\" \/>\n<link rel=\"canonical\" href=\"https:\/\/statcast.live\/en\/cookies\/\" \/>\n<meta property=\"og:locale\" content=\"en_GB\" \/>\n<meta property=\"og:type\" content=\"article\" \/>\n<meta property=\"og:title\" content=\"Cookies - Statcast\" \/>\n<meta property=\"og:description\" content=\"Informativa relativa ai Cookie presenti sul sito web Utilizziamo i cookie per rendere il nostro sito pi\u00f9 facile ed intuitivo. I dati raccolti grazie ai cookie servono per rendere l&#8217;esperienza di navigazione pi\u00f9 piacevole e pi\u00f9 efficiente in futuro. Cosa sono i cookie? I cookie sono piccoli file di testo inviati dal sito al terminale [&hellip;]\" \/>\n<meta property=\"og:url\" content=\"https:\/\/statcast.live\/en\/cookies\/\" \/>\n<meta property=\"og:site_name\" content=\"Statcast\" \/>\n<meta property=\"article:modified_time\" content=\"2021-05-05T07:39:14+00:00\" \/>\n<meta name=\"twitter:card\" content=\"summary_large_image\" \/>\n<meta name=\"twitter:label1\" content=\"Estimated reading time\" \/>\n\t<meta name=\"twitter:data1\" content=\"10 minutes\" \/>\n<script type=\"application\/ld+json\" class=\"yoast-schema-graph\">{\"@context\":\"https:\/\/schema.org\",\"@graph\":[{\"@type\":\"WebPage\",\"@id\":\"https:\/\/statcast.live\/en\/cookies\/\",\"url\":\"https:\/\/statcast.live\/en\/cookies\/\",\"name\":\"Cookies - Statcast\",\"isPartOf\":{\"@id\":\"https:\/\/statcast.live\/#website\"},\"datePublished\":\"2021-05-04T14:04:45+00:00\",\"dateModified\":\"2021-05-05T07:39:14+00:00\",\"breadcrumb\":{\"@id\":\"https:\/\/statcast.live\/en\/cookies\/#breadcrumb\"},\"inLanguage\":\"en-GB\",\"potentialAction\":[{\"@type\":\"ReadAction\",\"target\":[\"https:\/\/statcast.live\/en\/cookies\/\"]}]},{\"@type\":\"BreadcrumbList\",\"@id\":\"https:\/\/statcast.live\/en\/cookies\/#breadcrumb\",\"itemListElement\":[{\"@type\":\"ListItem\",\"position\":1,\"name\":\"Home\",\"item\":\"https:\/\/statcast.live\/\"},{\"@type\":\"ListItem\",\"position\":2,\"name\":\"Cookies\"}]},{\"@type\":\"WebSite\",\"@id\":\"https:\/\/statcast.live\/#website\",\"url\":\"https:\/\/statcast.live\/\",\"name\":\"Statcast\",\"description\":\"Statistiche avanzate per lo streaming\",\"potentialAction\":[{\"@type\":\"SearchAction\",\"target\":{\"@type\":\"EntryPoint\",\"urlTemplate\":\"https:\/\/statcast.live\/?s={search_term_string}\"},\"query-input\":\"required name=search_term_string\"}],\"inLanguage\":\"en-GB\"}]}<\/script>\n<!-- \/ Yoast SEO plugin. -->","yoast_head_json":{"title":"Cookies - Statcast","robots":{"index":"index","follow":"follow","max-snippet":"max-snippet:-1","max-image-preview":"max-image-preview:large","max-video-preview":"max-video-preview:-1"},"canonical":"https:\/\/statcast.live\/en\/cookies\/","og_locale":"en_GB","og_type":"article","og_title":"Cookies - Statcast","og_description":"Informativa relativa ai Cookie presenti sul sito web Utilizziamo i cookie per rendere il nostro sito pi\u00f9 facile ed intuitivo. I dati raccolti grazie ai cookie servono per rendere l&#8217;esperienza di navigazione pi\u00f9 piacevole e pi\u00f9 efficiente in futuro. Cosa sono i cookie? I cookie sono piccoli file di testo inviati dal sito al terminale [&hellip;]","og_url":"https:\/\/statcast.live\/en\/cookies\/","og_site_name":"Statcast","article_modified_time":"2021-05-05T07:39:14+00:00","twitter_card":"summary_large_image","twitter_misc":{"Estimated reading time":"10 minutes"},"schema":{"@context":"https:\/\/schema.org","@graph":[{"@type":"WebPage","@id":"https:\/\/statcast.live\/en\/cookies\/","url":"https:\/\/statcast.live\/en\/cookies\/","name":"Cookies - Statcast","isPartOf":{"@id":"https:\/\/statcast.live\/#website"},"datePublished":"2021-05-04T14:04:45+00:00","dateModified":"2021-05-05T07:39:14+00:00","breadcrumb":{"@id":"https:\/\/statcast.live\/en\/cookies\/#breadcrumb"},"inLanguage":"en-GB","potentialAction":[{"@type":"ReadAction","target":["https:\/\/statcast.live\/en\/cookies\/"]}]},{"@type":"BreadcrumbList","@id":"https:\/\/statcast.live\/en\/cookies\/#breadcrumb","itemListElement":[{"@type":"ListItem","position":1,"name":"Home","item":"https:\/\/statcast.live\/"},{"@type":"ListItem","position":2,"name":"Cookies"}]},{"@type":"WebSite","@id":"https:\/\/statcast.live\/#website","url":"https:\/\/statcast.live\/","name":"Statcast","description":"Statistiche avanzate per lo streaming","potentialAction":[{"@type":"SearchAction","target":{"@type":"EntryPoint","urlTemplate":"https:\/\/statcast.live\/?s={search_term_string}"},"query-input":"required name=search_term_string"}],"inLanguage":"en-GB"}]}},"_links":{"self":[{"href":"https:\/\/statcast.live\/en\/wp-json\/wp\/v2\/pages\/9897","targetHints":{"allow":["GET"]}}],"collection":[{"href":"https:\/\/statcast.live\/en\/wp-json\/wp\/v2\/pages"}],"about":[{"href":"https:\/\/statcast.live\/en\/wp-json\/wp\/v2\/types\/page"}],"author":[{"embeddable":true,"href":"https:\/\/statcast.live\/en\/wp-json\/wp\/v2\/users\/1"}],"replies":[{"embeddable":true,"href":"https:\/\/statcast.live\/en\/wp-json\/wp\/v2\/comments?post=9897"}],"version-history":[{"count":5,"href":"https:\/\/statcast.live\/en\/wp-json\/wp\/v2\/pages\/9897\/revisions"}],"predecessor-version":[{"id":9924,"href":"https:\/\/statcast.live\/en\/wp-json\/wp\/v2\/pages\/9897\/revisions\/9924"}],"wp:attachment":[{"href":"https:\/\/statcast.live\/en\/wp-json\/wp\/v2\/media?parent=9897"}],"curies":[{"name":"wp","href":"https:\/\/api.w.org\/{rel}","templated":true}]}}